{"id":26,"date":"2020-05-05T04:16:57","date_gmt":"2020-05-05T07:16:57","guid":{"rendered":"http:\/\/neldoamado.com.ar\/ar\/?page_id=26"},"modified":"2020-05-05T12:12:25","modified_gmt":"2020-05-05T15:12:25","slug":"heladeras-carniceras-frigorificas-exhibidoras-batea","status":"publish","type":"page","link":"http:\/\/neldoamado.com.ar\/ar\/heladeras-carniceras-frigorificas-exhibidoras-batea\/","title":{"rendered":"Heladeras Carniceras Frigor\u00edficas Exhibidoras Batea"},"content":{"rendered":"\n<figure class=\"wp-block-image size-large\"><img loading=\"lazy\" decoding=\"async\" width=\"1024\" height=\"512\" src=\"http:\/\/neldoamado.com.ar\/ar\/wp-content\/uploads\/2020\/05\/Neldo_Amado_Heladeras_Carniceria-1024x512.jpg\" alt=\"\" class=\"wp-image-27\" srcset=\"http:\/\/neldoamado.com.ar\/ar\/wp-content\/uploads\/2020\/05\/Neldo_Amado_Heladeras_Carniceria-1024x512.jpg 1024w, http:\/\/neldoamado.com.ar\/ar\/wp-content\/uploads\/2020\/05\/Neldo_Amado_Heladeras_Carniceria-300x150.jpg 300w, http:\/\/neldoamado.com.ar\/ar\/wp-content\/uploads\/2020\/05\/Neldo_Amado_Heladeras_Carniceria-768x384.jpg 768w, http:\/\/neldoamado.com.ar\/ar\/wp-content\/uploads\/2020\/05\/Neldo_Amado_Heladeras_Carniceria.jpg 1200w\" sizes=\"auto, (max-width: 1024px) 100vw, 1024px\" \/><\/figure>\n\n\n\n<h2 class=\"wp-block-heading\" id=\"frigorificas_exhibidoras\"><strong>Heladeras Carniceras Frigor\u00edficas Exhibidoras Batea<\/strong><\/h2>\n\n\n\n<h3 class=\"wp-block-heading\">ESPECIFICACIONES:<\/h3>\n\n\n\n<ul class=\"wp-block-list\"><li>\u00b7 Laterales en pl\u00e1stico termoformado<\/li><li>\u00b7 Frente de acero inoxidable mate o pl\u00e1stico color gris\/rojo<\/li><li>\u00b7 Sistema de refrigeraci\u00f3n por evaporador fr\u00edo est\u00e1tico<\/li><li>\u00b7 Rejillas plastificadas blancas<\/li><li>\u00b7 Iluminaci\u00f3n con tubos fluorescentes<\/li><li>\u00b7 C\u00fapula vidrios curvo templado rebatible<\/li><li>\u00b7 Brazos de aluminio<\/li><li>\u00b7 Mesada superior en aluminio<\/li><li>\u00b7 Patas regulables<\/li><li>\u00b7 Z\u00f3calo en color azul o gris\u00a0<\/li><\/ul>\n\n\n\n<h3 class=\"wp-block-heading\">OPCIONALES<\/h3>\n\n\n\n<ul class=\"wp-block-list\"><li>. Ganchera exterior<\/li><li>. Ganchera interior<\/li><li>. Estante iluminado<\/li><li>. Cortina de cierre<\/li><li>. Puertas de acr\u00edlico<\/li><li>. Equipo de fr\u00edo<\/li><\/ul>\n","protected":false},"excerpt":{"rendered":"<p>Heladeras Carniceras Frigor\u00edficas Exhibidoras Batea ESPECIFICACIONES: \u00b7 Laterales en pl\u00e1stico termoformado \u00b7 Frente de acero inoxidable mate o pl\u00e1stico color gris\/rojo \u00b7 Sistema de refrigeraci\u00f3n por evaporador fr\u00edo est\u00e1tico \u00b7 Rejillas plastificadas blancas \u00b7 Iluminaci\u00f3n con tubos fluorescentes \u00b7 C\u00fapula vidrios curvo templado rebatible \u00b7 Brazos de aluminio \u00b7 Mesada superior en aluminio \u00b7 Patas &hellip; <\/p>\n","protected":false},"author":3,"featured_media":0,"parent":0,"menu_order":1,"comment_status":"closed","ping_status":"closed","template":"","meta":{"footnotes":""},"class_list":["post-26","page","type-page","status-publish","hentry"],"_links":{"self":[{"href":"http:\/\/neldoamado.com.ar\/ar\/wp-json\/wp\/v2\/pages\/26","targetHints":{"allow":["GET"]}}],"collection":[{"href":"http:\/\/neldoamado.com.ar\/ar\/wp-json\/wp\/v2\/pages"}],"about":[{"href":"http:\/\/neldoamado.com.ar\/ar\/wp-json\/wp\/v2\/types\/page"}],"author":[{"embeddable":true,"href":"http:\/\/neldoamado.com.ar\/ar\/wp-json\/wp\/v2\/users\/3"}],"replies":[{"embeddable":true,"href":"http:\/\/neldoamado.com.ar\/ar\/wp-json\/wp\/v2\/comments?post=26"}],"version-history":[{"count":6,"href":"http:\/\/neldoamado.com.ar\/ar\/wp-json\/wp\/v2\/pages\/26\/revisions"}],"predecessor-version":[{"id":36,"href":"http:\/\/neldoamado.com.ar\/ar\/wp-json\/wp\/v2\/pages\/26\/revisions\/36"}],"wp:attachment":[{"href":"http:\/\/neldoamado.com.ar\/ar\/wp-json\/wp\/v2\/media?parent=26"}],"curies":[{"name":"wp","href":"https:\/\/api.w.org\/{rel}","templated":true}]}}