{"id":2,"date":"2013-11-06T11:55:36","date_gmt":"2013-11-06T14:55:36","guid":{"rendered":"http:\/\/neldoamado.com.ar\/ar\/?page_id=2"},"modified":"2020-05-05T17:09:24","modified_gmt":"2020-05-05T20:09:24","slug":"pagina-ejemplo","status":"publish","type":"page","link":"http:\/\/neldoamado.com.ar\/ar\/","title":{"rendered":"Inicio"},"content":{"rendered":"<p><a href=\"http:\/\/neldoamado.com.ar\/ar\/wp-content\/uploads\/2020\/05\/Art-Neldo-Amado-empresa.jpg\"><img loading=\"lazy\" decoding=\"async\" class=\"aligncenter wp-image-22 size-full\" title=\"oficinas-distribuidora-neldo-amado\" src=\"http:\/\/neldoamado.com.ar\/ar\/wp-content\/uploads\/2020\/05\/Art-Neldo-Amado-empresa.jpg\" alt=\"\" width=\"800\" height=\"206\" srcset=\"http:\/\/neldoamado.com.ar\/ar\/wp-content\/uploads\/2020\/05\/Art-Neldo-Amado-empresa.jpg 800w, http:\/\/neldoamado.com.ar\/ar\/wp-content\/uploads\/2020\/05\/Art-Neldo-Amado-empresa-300x77.jpg 300w, http:\/\/neldoamado.com.ar\/ar\/wp-content\/uploads\/2020\/05\/Art-Neldo-Amado-empresa-768x198.jpg 768w\" sizes=\"auto, (max-width: 800px) 100vw, 800px\" \/><\/a><\/p>\n<p>Somos una empresa familiar con m\u00e1s de 15 a\u00f1os al servicio de nuestros Clientes.<\/p>\n<p><a href=\"http:\/\/neldoamado.com.ar\/ar\/wp-content\/uploads\/2020\/05\/Art-Neldo-Amado-empresa-1.jpg\"><img loading=\"lazy\" decoding=\"async\" class=\"aligncenter size-full wp-image-73\" src=\"http:\/\/neldoamado.com.ar\/ar\/wp-content\/uploads\/2020\/05\/Art-Neldo-Amado-empresa-1.jpg\" alt=\"\" width=\"800\" height=\"206\" srcset=\"http:\/\/neldoamado.com.ar\/ar\/wp-content\/uploads\/2020\/05\/Art-Neldo-Amado-empresa-1.jpg 800w, http:\/\/neldoamado.com.ar\/ar\/wp-content\/uploads\/2020\/05\/Art-Neldo-Amado-empresa-1-300x77.jpg 300w, http:\/\/neldoamado.com.ar\/ar\/wp-content\/uploads\/2020\/05\/Art-Neldo-Amado-empresa-1-768x198.jpg 768w\" sizes=\"auto, (max-width: 800px) 100vw, 800px\" \/><\/a><\/p>\n<blockquote><p>Distribuimos todo tipo de productos y accesorios para la industria y comercios alimenticios.<\/p>\n<p>Nuestro objetivo es proveer y llevar a la industria alimenticia y a los comercios, todo lo necesario para realizar la elaboraci\u00f3n de sus productos, materias primas, maquinarias y accesorios.<\/p>\n<p>Esta empresa posee la m\u00e1s amplia variedad de insumos: materia prima, maquinarias y repuestos para las industrias frigor\u00edfica, del chacinado y de los embutidos.<\/p>\n<p>La empresa est\u00e1 ubicada estrat\u00e9gicamente en la localidad de 25 de Mayo (B), lo cual nos permite distribuir r\u00e1pidamente los pedidos de nuestros clientes.<\/p><\/blockquote>\n","protected":false},"excerpt":{"rendered":"<p>Somos una empresa familiar con m\u00e1s de 15 a\u00f1os al servicio de nuestros Clientes. Distribuimos todo tipo de productos y accesorios para la industria y comercios alimenticios. Nuestro objetivo es proveer y llevar a la industria alimenticia y a los comercios, todo lo necesario para realizar la elaboraci\u00f3n de sus productos, materias primas, maquinarias y &hellip; <\/p>\n","protected":false},"author":2,"featured_media":73,"parent":0,"menu_order":0,"comment_status":"closed","ping_status":"closed","template":"","meta":{"footnotes":""},"class_list":["post-2","page","type-page","status-publish","has-post-thumbnail","hentry"],"_links":{"self":[{"href":"http:\/\/neldoamado.com.ar\/ar\/wp-json\/wp\/v2\/pages\/2","targetHints":{"allow":["GET"]}}],"collection":[{"href":"http:\/\/neldoamado.com.ar\/ar\/wp-json\/wp\/v2\/pages"}],"about":[{"href":"http:\/\/neldoamado.com.ar\/ar\/wp-json\/wp\/v2\/types\/page"}],"author":[{"embeddable":true,"href":"http:\/\/neldoamado.com.ar\/ar\/wp-json\/wp\/v2\/users\/2"}],"replies":[{"embeddable":true,"href":"http:\/\/neldoamado.com.ar\/ar\/wp-json\/wp\/v2\/comments?post=2"}],"version-history":[{"count":5,"href":"http:\/\/neldoamado.com.ar\/ar\/wp-json\/wp\/v2\/pages\/2\/revisions"}],"predecessor-version":[{"id":95,"href":"http:\/\/neldoamado.com.ar\/ar\/wp-json\/wp\/v2\/pages\/2\/revisions\/95"}],"wp:featuredmedia":[{"embeddable":true,"href":"http:\/\/neldoamado.com.ar\/ar\/wp-json\/wp\/v2\/media\/73"}],"wp:attachment":[{"href":"http:\/\/neldoamado.com.ar\/ar\/wp-json\/wp\/v2\/media?parent=2"}],"curies":[{"name":"wp","href":"https:\/\/api.w.org\/{rel}","templated":true}]}}